{"id":268,"date":"2016-03-18T09:55:13","date_gmt":"2016-03-18T09:55:13","guid":{"rendered":"http:\/\/www.gecubi.com\/treballs\/?lang=it"},"modified":"2016-05-10T14:06:57","modified_gmt":"2016-05-10T14:06:57","slug":"lavori","status":"publish","type":"page","link":"https:\/\/www.gecubi.com\/it\/lavori\/","title":{"rendered":"Lavori"},"content":{"rendered":"<p>Alcuni esempi del suo lavoro<\/p>\n<div class=\"one-fourth first\">\n<figure id=\"attachment_33\" aria-describedby=\"caption-attachment-33\" style=\"width: 200px\" class=\"wp-caption aligncenter\"><a href=\"\/it\/lavori\/violino\/\"><img loading=\"lazy\" decoding=\"async\" class=\"aligncenter wp-image-161\" src=\"https:\/\/www.gecubi.com\/wp-content\/uploads\/2016\/04\/violi-1-2000-686x1024.jpg\" alt=\"violi-1-2000\" width=\"200\" height=\"300\" srcset=\"https:\/\/www.gecubi.com\/wp-content\/uploads\/2016\/04\/violi-1-2000-686x1024.jpg 686w, https:\/\/www.gecubi.com\/wp-content\/uploads\/2016\/04\/violi-1-2000-201x300.jpg 201w, https:\/\/www.gecubi.com\/wp-content\/uploads\/2016\/04\/violi-1-2000-768x1147.jpg 768w, https:\/\/www.gecubi.com\/wp-content\/uploads\/2016\/04\/violi-1-2000.jpg 1339w\" sizes=\"auto, (max-width: 200px) 100vw, 200px\" \/><\/a><figcaption id=\"caption-attachment-33\" class=\"wp-caption-text\">Violino<\/figcaption><\/figure>\n<p style=\"text-align: center;\"><a href=\"\/it\/lavori\/violino\/\">Vedere di pi\u00f9.<\/a><\/p>\n<\/div>\n<div class=\"one-fourth\">\n<figure id=\"attachment_32\" aria-describedby=\"caption-attachment-32\" style=\"width: 225px\" class=\"wp-caption aligncenter\"><a href=\"\/it\/lavori\/viola\/\"><img loading=\"lazy\" decoding=\"async\" class=\"size-medium wp-image-32\" src=\"https:\/\/www.gecubi.com\/wp-content\/uploads\/2016\/03\/viola-225x300.jpg\" alt=\"viola\" width=\"225\" height=\"300\" srcset=\"https:\/\/www.gecubi.com\/wp-content\/uploads\/2016\/03\/viola-225x300.jpg 225w, https:\/\/www.gecubi.com\/wp-content\/uploads\/2016\/03\/viola.jpg 600w\" sizes=\"auto, (max-width: 225px) 100vw, 225px\" \/><\/a><figcaption id=\"caption-attachment-32\" class=\"wp-caption-text\">Viola<\/figcaption><\/figure>\n<p style=\"text-align: center;\"><a href=\"\/it\/lavori\/viola\/\">Vedere di pi\u00f9&#8230;<\/a><\/p>\n<\/div>\n<div class=\"one-fourth\">\n<figure id=\"attachment_83\" aria-describedby=\"caption-attachment-83\" style=\"width: 201px\" class=\"wp-caption aligncenter\"><a href=\"\/it\/lavori\/violoncello\/\"><img loading=\"lazy\" decoding=\"async\" class=\"aligncenter size-large wp-image-173\" src=\"https:\/\/www.gecubi.com\/wp-content\/uploads\/2016\/04\/violoncel-1-2000-686x1024.jpg\" alt=\"violoncel-1-2000\" width=\"201\" height=\"300\" srcset=\"https:\/\/www.gecubi.com\/wp-content\/uploads\/2016\/04\/violoncel-1-2000-686x1024.jpg 686w, https:\/\/www.gecubi.com\/wp-content\/uploads\/2016\/04\/violoncel-1-2000-201x300.jpg 201w, https:\/\/www.gecubi.com\/wp-content\/uploads\/2016\/04\/violoncel-1-2000-768x1147.jpg 768w, https:\/\/www.gecubi.com\/wp-content\/uploads\/2016\/04\/violoncel-1-2000.jpg 1339w\" sizes=\"auto, (max-width: 201px) 100vw, 201px\" \/><\/a><figcaption id=\"caption-attachment-83\" class=\"wp-caption-text\">Violoncello<\/figcaption><\/figure>\n<p style=\"text-align: center;\"><a href=\"\/it\/lavori\/violoncello\/\">Vedere di pi\u00f9.<\/a><\/p>\n<\/div>\n<div class=\"one-fourth\">\n<figure id=\"attachment_150\" aria-describedby=\"caption-attachment-150\" style=\"width: 153px\" class=\"wp-caption aligncenter\"><a href=\"\/it\/lavori\/gaudi\/\"><img loading=\"lazy\" decoding=\"async\" class=\"wp-image-150 size-medium\" src=\"https:\/\/www.gecubi.com\/wp-content\/uploads\/2016\/03\/gaudi-1-153x300.jpg\" width=\"153\" height=\"300\" srcset=\"https:\/\/www.gecubi.com\/wp-content\/uploads\/2016\/03\/gaudi-1-153x300.jpg 153w, https:\/\/www.gecubi.com\/wp-content\/uploads\/2016\/03\/gaudi-1.jpg 409w\" sizes=\"auto, (max-width: 153px) 100vw, 153px\" \/><\/a><figcaption id=\"caption-attachment-150\" class=\"wp-caption-text\">Gaud\u00ed<\/figcaption><\/figure>\n<p style=\"text-align: center;\">\u00a0<a href=\"\/it\/lavori\/gaudi\/\">Vedere di pi\u00f9<\/a><\/p>\n<\/div>\n<div class=\"clear-line\"><\/div>\n<h4><\/h4>\n<p>&nbsp;<\/p>\n","protected":false},"excerpt":{"rendered":"<p>Alcuni esempi del suo lavoro Vedere di pi\u00f9. Vedere di pi\u00f9&#8230; Vedere di pi\u00f9. \u00a0Vedere di pi\u00f9 &nbsp;<\/p>\n","protected":false},"author":1,"featured_media":270,"parent":0,"menu_order":0,"comment_status":"closed","ping_status":"closed","template":"","meta":{"_exactmetrics_skip_tracking":false,"_exactmetrics_sitenote_active":false,"_exactmetrics_sitenote_note":"","_exactmetrics_sitenote_category":0,"_genesis_hide_title":false,"_genesis_hide_breadcrumbs":false,"_genesis_hide_singular_image":false,"_genesis_hide_footer_widgets":false,"_genesis_custom_body_class":"","_genesis_custom_post_class":"","_genesis_layout":"full-width-content","footnotes":""},"class_list":{"0":"post-268","1":"page","2":"type-page","3":"status-publish","4":"has-post-thumbnail","6":"entry"},"yoast_head":"<!-- This site is optimized with the Yoast SEO plugin v25.1 - https:\/\/yoast.com\/wordpress\/plugins\/seo\/ -->\n<title>Lavori - Gecubi Luthier<\/title>\n<meta name=\"robots\" content=\"index, follow, max-snippet:-1, max-image-preview:large, max-video-preview:-1\" \/>\n<link rel=\"canonical\" href=\"https:\/\/www.gecubi.com\/it\/lavori\/\" \/>\n<meta property=\"og:locale\" content=\"it_IT\" \/>\n<meta property=\"og:type\" content=\"article\" \/>\n<meta property=\"og:title\" content=\"Lavori - Gecubi Luthier\" \/>\n<meta property=\"og:description\" content=\"Alcuni esempi del suo lavoro Vedere di pi\u00f9. Vedere di pi\u00f9&#8230; Vedere di pi\u00f9. \u00a0Vedere di pi\u00f9 &nbsp;\" \/>\n<meta property=\"og:url\" content=\"https:\/\/www.gecubi.com\/it\/lavori\/\" \/>\n<meta property=\"og:site_name\" content=\"Gecubi Luthier\" \/>\n<meta property=\"article:modified_time\" content=\"2016-05-10T14:06:57+00:00\" \/>\n<meta property=\"og:image\" content=\"https:\/\/www.gecubi.com\/wp-content\/uploads\/2016\/03\/violi.jpg\" \/>\n\t<meta property=\"og:image:width\" content=\"536\" \/>\n\t<meta property=\"og:image:height\" content=\"800\" \/>\n\t<meta property=\"og:image:type\" content=\"image\/jpeg\" \/>\n<meta name=\"twitter:card\" content=\"summary_large_image\" \/>\n<script type=\"application\/ld+json\" class=\"yoast-schema-graph\">{\"@context\":\"https:\/\/schema.org\",\"@graph\":[{\"@type\":\"WebPage\",\"@id\":\"https:\/\/www.gecubi.com\/it\/lavori\/\",\"url\":\"https:\/\/www.gecubi.com\/it\/lavori\/\",\"name\":\"Lavori - Gecubi Luthier\",\"isPartOf\":{\"@id\":\"https:\/\/www.gecubi.com\/#website\"},\"primaryImageOfPage\":{\"@id\":\"https:\/\/www.gecubi.com\/it\/lavori\/#primaryimage\"},\"image\":{\"@id\":\"https:\/\/www.gecubi.com\/it\/lavori\/#primaryimage\"},\"thumbnailUrl\":\"https:\/\/www.gecubi.com\/wp-content\/uploads\/2016\/03\/violi.jpg\",\"datePublished\":\"2016-03-18T09:55:13+00:00\",\"dateModified\":\"2016-05-10T14:06:57+00:00\",\"breadcrumb\":{\"@id\":\"https:\/\/www.gecubi.com\/it\/lavori\/#breadcrumb\"},\"inLanguage\":\"it-IT\",\"potentialAction\":[{\"@type\":\"ReadAction\",\"target\":[\"https:\/\/www.gecubi.com\/it\/lavori\/\"]}]},{\"@type\":\"ImageObject\",\"inLanguage\":\"it-IT\",\"@id\":\"https:\/\/www.gecubi.com\/it\/lavori\/#primaryimage\",\"url\":\"https:\/\/www.gecubi.com\/wp-content\/uploads\/2016\/03\/violi.jpg\",\"contentUrl\":\"https:\/\/www.gecubi.com\/wp-content\/uploads\/2016\/03\/violi.jpg\",\"width\":536,\"height\":800},{\"@type\":\"BreadcrumbList\",\"@id\":\"https:\/\/www.gecubi.com\/it\/lavori\/#breadcrumb\",\"itemListElement\":[{\"@type\":\"ListItem\",\"position\":1,\"name\":\"Inici\",\"item\":\"https:\/\/www.gecubi.com\/\"},{\"@type\":\"ListItem\",\"position\":2,\"name\":\"Lavori\"}]},{\"@type\":\"WebSite\",\"@id\":\"https:\/\/www.gecubi.com\/#website\",\"url\":\"https:\/\/www.gecubi.com\/\",\"name\":\"Gecubi Luthier\",\"description\":\"Luthiers Barcelona\",\"potentialAction\":[{\"@type\":\"SearchAction\",\"target\":{\"@type\":\"EntryPoint\",\"urlTemplate\":\"https:\/\/www.gecubi.com\/?s={search_term_string}\"},\"query-input\":{\"@type\":\"PropertyValueSpecification\",\"valueRequired\":true,\"valueName\":\"search_term_string\"}}],\"inLanguage\":\"it-IT\"}]}<\/script>\n<!-- \/ Yoast SEO plugin. -->","yoast_head_json":{"title":"Lavori - Gecubi Luthier","robots":{"index":"index","follow":"follow","max-snippet":"max-snippet:-1","max-image-preview":"max-image-preview:large","max-video-preview":"max-video-preview:-1"},"canonical":"https:\/\/www.gecubi.com\/it\/lavori\/","og_locale":"it_IT","og_type":"article","og_title":"Lavori - Gecubi Luthier","og_description":"Alcuni esempi del suo lavoro Vedere di pi\u00f9. Vedere di pi\u00f9&#8230; Vedere di pi\u00f9. \u00a0Vedere di pi\u00f9 &nbsp;","og_url":"https:\/\/www.gecubi.com\/it\/lavori\/","og_site_name":"Gecubi Luthier","article_modified_time":"2016-05-10T14:06:57+00:00","og_image":[{"width":536,"height":800,"url":"https:\/\/www.gecubi.com\/wp-content\/uploads\/2016\/03\/violi.jpg","type":"image\/jpeg"}],"twitter_card":"summary_large_image","schema":{"@context":"https:\/\/schema.org","@graph":[{"@type":"WebPage","@id":"https:\/\/www.gecubi.com\/it\/lavori\/","url":"https:\/\/www.gecubi.com\/it\/lavori\/","name":"Lavori - Gecubi Luthier","isPartOf":{"@id":"https:\/\/www.gecubi.com\/#website"},"primaryImageOfPage":{"@id":"https:\/\/www.gecubi.com\/it\/lavori\/#primaryimage"},"image":{"@id":"https:\/\/www.gecubi.com\/it\/lavori\/#primaryimage"},"thumbnailUrl":"https:\/\/www.gecubi.com\/wp-content\/uploads\/2016\/03\/violi.jpg","datePublished":"2016-03-18T09:55:13+00:00","dateModified":"2016-05-10T14:06:57+00:00","breadcrumb":{"@id":"https:\/\/www.gecubi.com\/it\/lavori\/#breadcrumb"},"inLanguage":"it-IT","potentialAction":[{"@type":"ReadAction","target":["https:\/\/www.gecubi.com\/it\/lavori\/"]}]},{"@type":"ImageObject","inLanguage":"it-IT","@id":"https:\/\/www.gecubi.com\/it\/lavori\/#primaryimage","url":"https:\/\/www.gecubi.com\/wp-content\/uploads\/2016\/03\/violi.jpg","contentUrl":"https:\/\/www.gecubi.com\/wp-content\/uploads\/2016\/03\/violi.jpg","width":536,"height":800},{"@type":"BreadcrumbList","@id":"https:\/\/www.gecubi.com\/it\/lavori\/#breadcrumb","itemListElement":[{"@type":"ListItem","position":1,"name":"Inici","item":"https:\/\/www.gecubi.com\/"},{"@type":"ListItem","position":2,"name":"Lavori"}]},{"@type":"WebSite","@id":"https:\/\/www.gecubi.com\/#website","url":"https:\/\/www.gecubi.com\/","name":"Gecubi Luthier","description":"Luthiers Barcelona","potentialAction":[{"@type":"SearchAction","target":{"@type":"EntryPoint","urlTemplate":"https:\/\/www.gecubi.com\/?s={search_term_string}"},"query-input":{"@type":"PropertyValueSpecification","valueRequired":true,"valueName":"search_term_string"}}],"inLanguage":"it-IT"}]}},"_links":{"self":[{"href":"https:\/\/www.gecubi.com\/it\/wp-json\/wp\/v2\/pages\/268","targetHints":{"allow":["GET"]}}],"collection":[{"href":"https:\/\/www.gecubi.com\/it\/wp-json\/wp\/v2\/pages"}],"about":[{"href":"https:\/\/www.gecubi.com\/it\/wp-json\/wp\/v2\/types\/page"}],"author":[{"embeddable":true,"href":"https:\/\/www.gecubi.com\/it\/wp-json\/wp\/v2\/users\/1"}],"replies":[{"embeddable":true,"href":"https:\/\/www.gecubi.com\/it\/wp-json\/wp\/v2\/comments?post=268"}],"version-history":[{"count":3,"href":"https:\/\/www.gecubi.com\/it\/wp-json\/wp\/v2\/pages\/268\/revisions"}],"predecessor-version":[{"id":437,"href":"https:\/\/www.gecubi.com\/it\/wp-json\/wp\/v2\/pages\/268\/revisions\/437"}],"wp:featuredmedia":[{"embeddable":true,"href":"https:\/\/www.gecubi.com\/it\/wp-json\/wp\/v2\/media\/270"}],"wp:attachment":[{"href":"https:\/\/www.gecubi.com\/it\/wp-json\/wp\/v2\/media?parent=268"}],"curies":[{"name":"wp","href":"https:\/\/api.w.org\/{rel}","templated":true}]}}