{"id":372,"date":"2016-04-25T10:27:35","date_gmt":"2016-04-25T10:27:35","guid":{"rendered":"http:\/\/www.gecubi.com\/es\/treballs\/violi\/"},"modified":"2016-05-09T09:11:26","modified_gmt":"2016-05-09T09:11:26","slug":"violin","status":"publish","type":"page","link":"https:\/\/www.gecubi.com\/es\/trabajos\/violin\/","title":{"rendered":"Viol\u00edn"},"content":{"rendered":"<p>Construidos con inspiraci\u00f3n en los cl\u00e1sicos italianos de los siglos XVII y XVIII. Modelos de Guarneri, Stradivari, Amati, Grancino entre otros. Como tambi\u00e9n del maestro luthier catal\u00e1n Joan Guillamat del siglo XVIII.<\/p>\n<div id='gallery-1' class='gallery galleryid-372 gallery-columns-3 gallery-size-large'><figure class='gallery-item'>\n\t\t\t<div class='gallery-icon portrait'>\n\t\t\t\t<a href='https:\/\/www.gecubi.com\/wp-content\/uploads\/2016\/04\/violi-1-2000.jpg'><img loading=\"lazy\" decoding=\"async\" width=\"686\" height=\"1024\" src=\"https:\/\/www.gecubi.com\/wp-content\/uploads\/2016\/04\/violi-1-2000-686x1024.jpg\" class=\"attachment-large size-large\" alt=\"\" srcset=\"https:\/\/www.gecubi.com\/wp-content\/uploads\/2016\/04\/violi-1-2000-686x1024.jpg 686w, https:\/\/www.gecubi.com\/wp-content\/uploads\/2016\/04\/violi-1-2000-201x300.jpg 201w, https:\/\/www.gecubi.com\/wp-content\/uploads\/2016\/04\/violi-1-2000-768x1147.jpg 768w, https:\/\/www.gecubi.com\/wp-content\/uploads\/2016\/04\/violi-1-2000.jpg 1339w\" sizes=\"auto, (max-width: 686px) 100vw, 686px\" \/><\/a>\n\t\t\t<\/div><\/figure><figure class='gallery-item'>\n\t\t\t<div class='gallery-icon portrait'>\n\t\t\t\t<a href='https:\/\/www.gecubi.com\/wp-content\/uploads\/2016\/04\/violi-2-2000.jpg'><img loading=\"lazy\" decoding=\"async\" width=\"686\" height=\"1024\" src=\"https:\/\/www.gecubi.com\/wp-content\/uploads\/2016\/04\/violi-2-2000-686x1024.jpg\" class=\"attachment-large size-large\" alt=\"\" srcset=\"https:\/\/www.gecubi.com\/wp-content\/uploads\/2016\/04\/violi-2-2000-686x1024.jpg 686w, https:\/\/www.gecubi.com\/wp-content\/uploads\/2016\/04\/violi-2-2000-201x300.jpg 201w, https:\/\/www.gecubi.com\/wp-content\/uploads\/2016\/04\/violi-2-2000-768x1147.jpg 768w, https:\/\/www.gecubi.com\/wp-content\/uploads\/2016\/04\/violi-2-2000.jpg 1339w\" sizes=\"auto, (max-width: 686px) 100vw, 686px\" \/><\/a>\n\t\t\t<\/div><\/figure><figure class='gallery-item'>\n\t\t\t<div class='gallery-icon portrait'>\n\t\t\t\t<a href='https:\/\/www.gecubi.com\/wp-content\/uploads\/2016\/04\/violi-3.jpg'><img loading=\"lazy\" decoding=\"async\" width=\"536\" height=\"800\" src=\"https:\/\/www.gecubi.com\/wp-content\/uploads\/2016\/04\/violi-3.jpg\" class=\"attachment-large size-large\" alt=\"\" srcset=\"https:\/\/www.gecubi.com\/wp-content\/uploads\/2016\/04\/violi-3.jpg 536w, https:\/\/www.gecubi.com\/wp-content\/uploads\/2016\/04\/violi-3-201x300.jpg 201w\" sizes=\"auto, (max-width: 536px) 100vw, 536px\" \/><\/a>\n\t\t\t<\/div><\/figure>\n\t\t<\/div>\n\n","protected":false},"excerpt":{"rendered":"<p>Construidos con inspiraci\u00f3n en los cl\u00e1sicos italianos de los siglos XVII y XVIII. Modelos de Guarneri, Stradivari, Amati, Grancino entre otros. Como tambi\u00e9n del maestro luthier catal\u00e1n Joan Guillamat del siglo XVIII.<\/p>\n","protected":false},"author":1,"featured_media":0,"parent":274,"menu_order":0,"comment_status":"closed","ping_status":"closed","template":"","meta":{"_exactmetrics_skip_tracking":false,"_exactmetrics_sitenote_active":false,"_exactmetrics_sitenote_note":"","_exactmetrics_sitenote_category":0,"_genesis_hide_title":false,"_genesis_hide_breadcrumbs":false,"_genesis_hide_singular_image":false,"_genesis_hide_footer_widgets":false,"_genesis_custom_body_class":"","_genesis_custom_post_class":"","_genesis_layout":"full-width-content","footnotes":""},"class_list":{"0":"post-372","1":"page","2":"type-page","3":"status-publish","5":"entry"},"yoast_head":"<!-- This site is optimized with the Yoast SEO plugin v25.1 - https:\/\/yoast.com\/wordpress\/plugins\/seo\/ -->\n<title>Viol\u00edn - Gecubi Luthier<\/title>\n<meta name=\"robots\" content=\"index, follow, max-snippet:-1, max-image-preview:large, max-video-preview:-1\" \/>\n<link rel=\"canonical\" href=\"https:\/\/www.gecubi.com\/es\/trabajos\/violin\/\" \/>\n<meta property=\"og:locale\" content=\"es_ES\" \/>\n<meta property=\"og:type\" content=\"article\" \/>\n<meta property=\"og:title\" content=\"Viol\u00edn - Gecubi Luthier\" \/>\n<meta property=\"og:description\" content=\"Construidos con inspiraci\u00f3n en los cl\u00e1sicos italianos de los siglos XVII y XVIII. Modelos de Guarneri, Stradivari, Amati, Grancino entre otros. Como tambi\u00e9n del maestro luthier catal\u00e1n Joan Guillamat del siglo XVIII.\" \/>\n<meta property=\"og:url\" content=\"https:\/\/www.gecubi.com\/es\/trabajos\/violin\/\" \/>\n<meta property=\"og:site_name\" content=\"Gecubi Luthier\" \/>\n<meta property=\"article:modified_time\" content=\"2016-05-09T09:11:26+00:00\" \/>\n<meta property=\"og:image\" content=\"https:\/\/www.gecubi.com\/wp-content\/uploads\/2016\/04\/violi-1-2000-686x1024.jpg\" \/>\n<meta name=\"twitter:card\" content=\"summary_large_image\" \/>\n<script type=\"application\/ld+json\" class=\"yoast-schema-graph\">{\"@context\":\"https:\/\/schema.org\",\"@graph\":[{\"@type\":\"WebPage\",\"@id\":\"https:\/\/www.gecubi.com\/es\/trabajos\/violin\/\",\"url\":\"https:\/\/www.gecubi.com\/es\/trabajos\/violin\/\",\"name\":\"Viol\u00edn - Gecubi Luthier\",\"isPartOf\":{\"@id\":\"https:\/\/www.gecubi.com\/#website\"},\"datePublished\":\"2016-04-25T10:27:35+00:00\",\"dateModified\":\"2016-05-09T09:11:26+00:00\",\"breadcrumb\":{\"@id\":\"https:\/\/www.gecubi.com\/es\/trabajos\/violin\/#breadcrumb\"},\"inLanguage\":\"es\",\"potentialAction\":[{\"@type\":\"ReadAction\",\"target\":[\"https:\/\/www.gecubi.com\/es\/trabajos\/violin\/\"]}]},{\"@type\":\"BreadcrumbList\",\"@id\":\"https:\/\/www.gecubi.com\/es\/trabajos\/violin\/#breadcrumb\",\"itemListElement\":[{\"@type\":\"ListItem\",\"position\":1,\"name\":\"Inici\",\"item\":\"https:\/\/www.gecubi.com\/\"},{\"@type\":\"ListItem\",\"position\":2,\"name\":\"Trabajos\",\"item\":\"https:\/\/www.gecubi.com\/es\/trabajos\/\"},{\"@type\":\"ListItem\",\"position\":3,\"name\":\"Viol\u00edn\"}]},{\"@type\":\"WebSite\",\"@id\":\"https:\/\/www.gecubi.com\/#website\",\"url\":\"https:\/\/www.gecubi.com\/\",\"name\":\"Gecubi Luthier\",\"description\":\"Luthiers Barcelona\",\"potentialAction\":[{\"@type\":\"SearchAction\",\"target\":{\"@type\":\"EntryPoint\",\"urlTemplate\":\"https:\/\/www.gecubi.com\/?s={search_term_string}\"},\"query-input\":{\"@type\":\"PropertyValueSpecification\",\"valueRequired\":true,\"valueName\":\"search_term_string\"}}],\"inLanguage\":\"es\"}]}<\/script>\n<!-- \/ Yoast SEO plugin. -->","yoast_head_json":{"title":"Viol\u00edn - Gecubi Luthier","robots":{"index":"index","follow":"follow","max-snippet":"max-snippet:-1","max-image-preview":"max-image-preview:large","max-video-preview":"max-video-preview:-1"},"canonical":"https:\/\/www.gecubi.com\/es\/trabajos\/violin\/","og_locale":"es_ES","og_type":"article","og_title":"Viol\u00edn - Gecubi Luthier","og_description":"Construidos con inspiraci\u00f3n en los cl\u00e1sicos italianos de los siglos XVII y XVIII. Modelos de Guarneri, Stradivari, Amati, Grancino entre otros. Como tambi\u00e9n del maestro luthier catal\u00e1n Joan Guillamat del siglo XVIII.","og_url":"https:\/\/www.gecubi.com\/es\/trabajos\/violin\/","og_site_name":"Gecubi Luthier","article_modified_time":"2016-05-09T09:11:26+00:00","og_image":[{"url":"https:\/\/www.gecubi.com\/wp-content\/uploads\/2016\/04\/violi-1-2000-686x1024.jpg","type":"","width":"","height":""}],"twitter_card":"summary_large_image","schema":{"@context":"https:\/\/schema.org","@graph":[{"@type":"WebPage","@id":"https:\/\/www.gecubi.com\/es\/trabajos\/violin\/","url":"https:\/\/www.gecubi.com\/es\/trabajos\/violin\/","name":"Viol\u00edn - Gecubi Luthier","isPartOf":{"@id":"https:\/\/www.gecubi.com\/#website"},"datePublished":"2016-04-25T10:27:35+00:00","dateModified":"2016-05-09T09:11:26+00:00","breadcrumb":{"@id":"https:\/\/www.gecubi.com\/es\/trabajos\/violin\/#breadcrumb"},"inLanguage":"es","potentialAction":[{"@type":"ReadAction","target":["https:\/\/www.gecubi.com\/es\/trabajos\/violin\/"]}]},{"@type":"BreadcrumbList","@id":"https:\/\/www.gecubi.com\/es\/trabajos\/violin\/#breadcrumb","itemListElement":[{"@type":"ListItem","position":1,"name":"Inici","item":"https:\/\/www.gecubi.com\/"},{"@type":"ListItem","position":2,"name":"Trabajos","item":"https:\/\/www.gecubi.com\/es\/trabajos\/"},{"@type":"ListItem","position":3,"name":"Viol\u00edn"}]},{"@type":"WebSite","@id":"https:\/\/www.gecubi.com\/#website","url":"https:\/\/www.gecubi.com\/","name":"Gecubi Luthier","description":"Luthiers Barcelona","potentialAction":[{"@type":"SearchAction","target":{"@type":"EntryPoint","urlTemplate":"https:\/\/www.gecubi.com\/?s={search_term_string}"},"query-input":{"@type":"PropertyValueSpecification","valueRequired":true,"valueName":"search_term_string"}}],"inLanguage":"es"}]}},"_links":{"self":[{"href":"https:\/\/www.gecubi.com\/es\/wp-json\/wp\/v2\/pages\/372","targetHints":{"allow":["GET"]}}],"collection":[{"href":"https:\/\/www.gecubi.com\/es\/wp-json\/wp\/v2\/pages"}],"about":[{"href":"https:\/\/www.gecubi.com\/es\/wp-json\/wp\/v2\/types\/page"}],"author":[{"embeddable":true,"href":"https:\/\/www.gecubi.com\/es\/wp-json\/wp\/v2\/users\/1"}],"replies":[{"embeddable":true,"href":"https:\/\/www.gecubi.com\/es\/wp-json\/wp\/v2\/comments?post=372"}],"version-history":[{"count":2,"href":"https:\/\/www.gecubi.com\/es\/wp-json\/wp\/v2\/pages\/372\/revisions"}],"predecessor-version":[{"id":422,"href":"https:\/\/www.gecubi.com\/es\/wp-json\/wp\/v2\/pages\/372\/revisions\/422"}],"up":[{"embeddable":true,"href":"https:\/\/www.gecubi.com\/es\/wp-json\/wp\/v2\/pages\/274"}],"wp:attachment":[{"href":"https:\/\/www.gecubi.com\/es\/wp-json\/wp\/v2\/media?parent=372"}],"curies":[{"name":"wp","href":"https:\/\/api.w.org\/{rel}","templated":true}]}}